{"id":49,"date":"2015-03-24T08:40:38","date_gmt":"2015-03-24T08:40:38","guid":{"rendered":"http:\/\/localhost\/sliber\/?page_id=49"},"modified":"2015-04-21T09:47:44","modified_gmt":"2015-04-21T09:47:44","slug":"maalinger","status":"publish","type":"page","link":"https:\/\/www.kmtech.dk\/?page_id=49","title":{"rendered":"Bryder test"},"content":{"rendered":"<table width=\"930\">\n<tbody>\n<tr>\n<td><img decoding=\"async\" loading=\"lazy\" class=\"aligncenter size-full wp-image-146\" src=\"https:\/\/kmtech.dk\/wp-content\/uploads\/2015\/03\/test11.png\" alt=\"test1\" width=\"300\" height=\"220\" \/><\/td>\n<td><img decoding=\"async\" loading=\"lazy\" class=\"aligncenter size-full wp-image-147\" src=\"https:\/\/kmtech.dk\/wp-content\/uploads\/2015\/03\/test2.png\" alt=\"test2\" width=\"300\" height=\"220\" \/><\/td>\n<td><img decoding=\"async\" loading=\"lazy\" class=\"aligncenter size-full wp-image-148\" src=\"https:\/\/kmtech.dk\/wp-content\/uploads\/2015\/03\/test3.png\" alt=\"test3\" width=\"300\" height=\"220\" \/><\/td>\n<\/tr>\n<tr>\n<td width=\"310\">\n<ul>\n<li style=\"text-align: left;\"><span style=\"font-size: 8pt;\">Eftersp\u00e6nd alle elektriske forbindelser i bryder.<\/span><\/li>\n<li style=\"text-align: left;\"><span style=\"font-size: 8pt;\">Komplet reng\u00f8ring af bryder.<\/span><\/li>\n<li style=\"text-align: left;\"><span style=\"font-size: 8pt;\">Sm\u00f8ring af bryder.<\/span><\/li>\n<li style=\"text-align: left;\"><span style=\"font-size: 8pt;\">Eftersyn af mekaniske dele p\u00e5 bryder.<\/span><\/li>\n<li style=\"text-align: left;\"><span style=\"font-size: 8pt;\">Eftersyn og justering af gnist fingre.<\/span><\/li>\n<li style=\"text-align: left;\"><span style=\"font-size: 8pt;\">Eftersyn af hovedkontakter.<\/span><\/li>\n<li style=\"text-align: left;\"><span style=\"font-size: 8pt;\">M\u00e5lt mikro ohm p\u00e5 hovedkontakter.<\/span><\/li>\n<li style=\"text-align: left;\"><span style=\"font-size: 8pt;\">Eftersyn af koblespoler, optr\u00e6ksmotor, hj\u00e6lpe-kontakter samt signalkontakter.<\/span><\/li>\n<li style=\"text-align: left;\"><span style=\"font-size: 8pt;\">Visuelt tjek af str\u00f8mtransformere.<\/span><\/li>\n<li style=\"text-align: left;\"><span style=\"font-size: 8pt;\">Komplet prim\u00e6r test af m\u00e5letransformere, m\u00e5leledningsforbindelser,<\/span><\/li>\n<li style=\"text-align: left;\"><span style=\"font-size: 8pt;\">Beskyttelsesrel\u00e6funktioner (kobleniveauer, kobletider samt belastningstest).<\/span><\/li>\n<li style=\"text-align: left;\"><span style=\"font-size: 8pt;\">Testrapport udstedes p\u00e5 hver bryder.<\/span><\/li>\n<\/ul>\n<\/td>\n<td width=\"310\">\n<ul>\n<li style=\"text-align: left;\"><span style=\"font-size: 8pt;\">Eftersp\u00e6nding af alle elektriske forbindelser i bryder.<\/span><\/li>\n<li style=\"text-align: left;\"><span style=\"font-size: 8pt;\">Komplet reng\u00f8ring af bryder.<\/span><\/li>\n<li style=\"text-align: left;\"><span style=\"font-size: 8pt;\">Sm\u00f8ring af bryder.<\/span><\/li>\n<li style=\"text-align: left;\"><span style=\"font-size: 8pt;\">Eftersyn af mekaniske dele p\u00e5 bryder.<\/span><\/li>\n<li style=\"text-align: left;\"><span style=\"font-size: 8pt;\">Eftersyn og justering af gnistfingre.<\/span><\/li>\n<li style=\"text-align: left;\"><span style=\"font-size: 8pt;\">Eftersyn af hovedkontakter.<\/span><\/li>\n<li style=\"text-align: left;\"><span style=\"font-size: 8pt;\">M\u00e5lt mikro ohm p\u00e5 hovedkontakter.<\/span><\/li>\n<li style=\"text-align: left;\"><span style=\"font-size: 8pt;\">Eftersyn af koblespoler, optr\u00e6ksmotor, hj\u00e6lpe-kontakter samt signalkontakter.<\/span><\/li>\n<li style=\"text-align: left;\"><span style=\"font-size: 8pt;\">Testrapport udstedes p\u00e5 hver bryder.<\/span><\/li>\n<\/ul>\n<\/td>\n<td width=\"310\">\n<ul>\n<li style=\"text-align: left;\"><span style=\"font-size: 8pt;\">Komplet reng\u00f8ring af bryder.<\/span><\/li>\n<li style=\"text-align: left;\"><span style=\"font-size: 8pt;\">Sm\u00f8ring af bryder.<\/span><\/li>\n<li style=\"text-align: left;\"><span style=\"font-size: 8pt;\">Visuelt tjek af gnist fingre.<\/span><\/li>\n<li style=\"text-align: left;\"><span style=\"font-size: 8pt;\">Visuelt tjek af hovedkontakter.<\/span><\/li>\n<li style=\"text-align: left;\"><span style=\"font-size: 8pt;\">M\u00e5lt mikro ohm p\u00e5 hovedkontakter.<\/span><\/li>\n<li style=\"text-align: left;\"><span style=\"font-size: 8pt;\">Testrapport udstedes p\u00e5 hver bryder.<\/span><\/li>\n<\/ul>\n<\/td>\n<\/tr>\n<\/tbody>\n<\/table>\n","protected":false},"excerpt":{"rendered":"<p>Eftersp\u00e6nd alle elektriske forbindelser i bryder. Komplet reng\u00f8ring af bryder. Sm\u00f8ring af bryder. Eftersyn af mekaniske dele p\u00e5 bryder. Eftersyn og justering af gnist fingre. Eftersyn af hovedkontakter. M\u00e5lt mikro ohm p\u00e5 hovedkontakter. Eftersyn af koblespoler, optr\u00e6ksmotor, hj\u00e6lpe-kontakter samt signalkontakter. Visuelt tjek af str\u00f8mtransformere. Komplet prim\u00e6r test af m\u00e5letransformere, m\u00e5leledningsforbindelser, &#8230;<\/p>\n","protected":false},"author":1,"featured_media":0,"parent":0,"menu_order":1,"comment_status":"closed","ping_status":"closed","template":"","meta":[],"yoast_head":"<!-- This site is optimized with the Yoast SEO plugin v15.2.1 - https:\/\/yoast.com\/wordpress\/plugins\/seo\/ -->\n<title>Bryder test og service<\/title>\n<meta name=\"description\" content=\"Vi tilbyder: Prim\u00e6r test \u2022 Elektrisk test \u2022 Rensning \u2022 Sm\u00f8ring \u2022 Reparation \u2022 Udskiftning af gammel til ny bryder \u2022 Testrapport p\u00e5 hver bryder\" \/>\n<meta name=\"robots\" content=\"index, follow, max-snippet:-1, max-image-preview:large, max-video-preview:-1\" \/>\n<link rel=\"canonical\" href=\"https:\/\/www.kmtech.dk\/?page_id=49\" \/>\n<meta property=\"og:locale\" content=\"da_DK\" \/>\n<meta property=\"og:type\" content=\"article\" \/>\n<meta property=\"og:title\" content=\"Bryder test og service\" \/>\n<meta property=\"og:description\" content=\"Vi tilbyder: Prim\u00e6r test \u2022 Elektrisk test \u2022 Rensning \u2022 Sm\u00f8ring \u2022 Reparation \u2022 Udskiftning af gammel til ny bryder \u2022 Testrapport p\u00e5 hver bryder\" \/>\n<meta property=\"og:url\" content=\"https:\/\/www.kmtech.dk\/?page_id=49\" \/>\n<meta property=\"og:site_name\" content=\"KMTECH\" \/>\n<meta property=\"article:modified_time\" content=\"2015-04-21T09:47:44+00:00\" \/>\n<meta property=\"og:image\" content=\"https:\/\/kmtech.dk\/wp-content\/uploads\/2015\/03\/test11.png\" \/>\n<meta name=\"twitter:card\" content=\"summary\" \/>\n<meta name=\"twitter:label1\" content=\"Written by\">\n\t<meta name=\"twitter:data1\" content=\"kmtech\">\n\t<meta name=\"twitter:label2\" content=\"Est. reading time\">\n\t<meta name=\"twitter:data2\" content=\"1 minut\">\n<script type=\"application\/ld+json\" class=\"yoast-schema-graph\">{\"@context\":\"https:\/\/schema.org\",\"@graph\":[{\"@type\":\"WebSite\",\"@id\":\"https:\/\/www.kmtech.dk\/#website\",\"url\":\"https:\/\/www.kmtech.dk\/\",\"name\":\"KMTECH\",\"description\":\"Bryder &amp; Tavle Service\",\"potentialAction\":[{\"@type\":\"SearchAction\",\"target\":\"https:\/\/www.kmtech.dk\/?s={search_term_string}\",\"query-input\":\"required name=search_term_string\"}],\"inLanguage\":\"da-DK\"},{\"@type\":\"ImageObject\",\"@id\":\"https:\/\/www.kmtech.dk\/?page_id=49#primaryimage\",\"inLanguage\":\"da-DK\",\"url\":\"https:\/\/kmtech.dk\/wp-content\/uploads\/2015\/03\/test11.png\"},{\"@type\":\"WebPage\",\"@id\":\"https:\/\/www.kmtech.dk\/?page_id=49#webpage\",\"url\":\"https:\/\/www.kmtech.dk\/?page_id=49\",\"name\":\"Bryder test og service\",\"isPartOf\":{\"@id\":\"https:\/\/www.kmtech.dk\/#website\"},\"primaryImageOfPage\":{\"@id\":\"https:\/\/www.kmtech.dk\/?page_id=49#primaryimage\"},\"datePublished\":\"2015-03-24T08:40:38+00:00\",\"dateModified\":\"2015-04-21T09:47:44+00:00\",\"description\":\"Vi tilbyder: Prim\\u00e6r test \\u2022 Elektrisk test \\u2022 Rensning \\u2022 Sm\\u00f8ring \\u2022 Reparation \\u2022 Udskiftning af gammel til ny bryder \\u2022 Testrapport p\\u00e5 hver bryder\",\"inLanguage\":\"da-DK\",\"potentialAction\":[{\"@type\":\"ReadAction\",\"target\":[\"https:\/\/www.kmtech.dk\/?page_id=49\"]}]}]}<\/script>\n<!-- \/ Yoast SEO plugin. -->","_links":{"self":[{"href":"https:\/\/www.kmtech.dk\/index.php?rest_route=\/wp\/v2\/pages\/49"}],"collection":[{"href":"https:\/\/www.kmtech.dk\/index.php?rest_route=\/wp\/v2\/pages"}],"about":[{"href":"https:\/\/www.kmtech.dk\/index.php?rest_route=\/wp\/v2\/types\/page"}],"author":[{"embeddable":true,"href":"https:\/\/www.kmtech.dk\/index.php?rest_route=\/wp\/v2\/users\/1"}],"replies":[{"embeddable":true,"href":"https:\/\/www.kmtech.dk\/index.php?rest_route=%2Fwp%2Fv2%2Fcomments&post=49"}],"version-history":[{"count":1,"href":"https:\/\/www.kmtech.dk\/index.php?rest_route=\/wp\/v2\/pages\/49\/revisions"}],"predecessor-version":[{"id":491,"href":"https:\/\/www.kmtech.dk\/index.php?rest_route=\/wp\/v2\/pages\/49\/revisions\/491"}],"wp:attachment":[{"href":"https:\/\/www.kmtech.dk\/index.php?rest_route=%2Fwp%2Fv2%2Fmedia&parent=49"}],"curies":[{"name":"wp","href":"https:\/\/api.w.org\/{rel}","templated":true}]}}