{"id":399,"date":"2015-04-17T08:32:46","date_gmt":"2015-04-17T08:32:46","guid":{"rendered":"https:\/\/kmtech.dk\/wp\/?page_id=399"},"modified":"2015-04-17T08:32:46","modified_gmt":"2015-04-17T08:32:46","slug":"bryderudlejning","status":"publish","type":"page","link":"https:\/\/www.kmtech.dk\/?page_id=399","title":{"rendered":"Bryderudlejning"},"content":{"rendered":"<p>Ring til os for at h\u00f8re n\u00e6rmere:<\/p>\n<p>Kenneth Madsen: +45 51 52 06 81<br \/>\nS\u00f8ren Knudsen: +45 51 52 06 80<\/p>\n","protected":false},"excerpt":{"rendered":"<p>Ring til os for at h\u00f8re n\u00e6rmere: Kenneth Madsen: +45 51 52 06 81 S\u00f8ren Knudsen: +45 51 52 06 80<\/p>\n","protected":false},"author":1,"featured_media":0,"parent":0,"menu_order":9,"comment_status":"closed","ping_status":"closed","template":"","meta":[],"yoast_head":"<!-- This site is optimized with the Yoast SEO plugin v15.2.1 - https:\/\/yoast.com\/wordpress\/plugins\/seo\/ -->\n<title>Bryderudlejning - KMTECH<\/title>\n<meta name=\"robots\" content=\"index, follow, max-snippet:-1, max-image-preview:large, max-video-preview:-1\" \/>\n<link rel=\"canonical\" href=\"https:\/\/www.kmtech.dk\/?page_id=399\" \/>\n<meta property=\"og:locale\" content=\"da_DK\" \/>\n<meta property=\"og:type\" content=\"article\" \/>\n<meta property=\"og:title\" content=\"Bryderudlejning - KMTECH\" \/>\n<meta property=\"og:description\" content=\"Ring til os for at h\u00f8re n\u00e6rmere: Kenneth Madsen: +45 51 52 06 81 S\u00f8ren Knudsen: +45 51 52 06 80\" \/>\n<meta property=\"og:url\" content=\"https:\/\/www.kmtech.dk\/?page_id=399\" \/>\n<meta property=\"og:site_name\" content=\"KMTECH\" \/>\n<meta name=\"twitter:card\" content=\"summary\" \/>\n<meta name=\"twitter:label1\" content=\"Written by\">\n\t<meta name=\"twitter:data1\" content=\"kmtech\">\n\t<meta name=\"twitter:label2\" content=\"Est. reading time\">\n\t<meta name=\"twitter:data2\" content=\"0 minutter\">\n<script type=\"application\/ld+json\" class=\"yoast-schema-graph\">{\"@context\":\"https:\/\/schema.org\",\"@graph\":[{\"@type\":\"WebSite\",\"@id\":\"https:\/\/www.kmtech.dk\/#website\",\"url\":\"https:\/\/www.kmtech.dk\/\",\"name\":\"KMTECH\",\"description\":\"Bryder &amp; Tavle Service\",\"potentialAction\":[{\"@type\":\"SearchAction\",\"target\":\"https:\/\/www.kmtech.dk\/?s={search_term_string}\",\"query-input\":\"required name=search_term_string\"}],\"inLanguage\":\"da-DK\"},{\"@type\":\"WebPage\",\"@id\":\"https:\/\/www.kmtech.dk\/?page_id=399#webpage\",\"url\":\"https:\/\/www.kmtech.dk\/?page_id=399\",\"name\":\"Bryderudlejning - KMTECH\",\"isPartOf\":{\"@id\":\"https:\/\/www.kmtech.dk\/#website\"},\"datePublished\":\"2015-04-17T08:32:46+00:00\",\"dateModified\":\"2015-04-17T08:32:46+00:00\",\"inLanguage\":\"da-DK\",\"potentialAction\":[{\"@type\":\"ReadAction\",\"target\":[\"https:\/\/www.kmtech.dk\/?page_id=399\"]}]}]}<\/script>\n<!-- \/ Yoast SEO plugin. -->","_links":{"self":[{"href":"https:\/\/www.kmtech.dk\/index.php?rest_route=\/wp\/v2\/pages\/399"}],"collection":[{"href":"https:\/\/www.kmtech.dk\/index.php?rest_route=\/wp\/v2\/pages"}],"about":[{"href":"https:\/\/www.kmtech.dk\/index.php?rest_route=\/wp\/v2\/types\/page"}],"author":[{"embeddable":true,"href":"https:\/\/www.kmtech.dk\/index.php?rest_route=\/wp\/v2\/users\/1"}],"replies":[{"embeddable":true,"href":"https:\/\/www.kmtech.dk\/index.php?rest_route=%2Fwp%2Fv2%2Fcomments&post=399"}],"version-history":[{"count":0,"href":"https:\/\/www.kmtech.dk\/index.php?rest_route=\/wp\/v2\/pages\/399\/revisions"}],"wp:attachment":[{"href":"https:\/\/www.kmtech.dk\/index.php?rest_route=%2Fwp%2Fv2%2Fmedia&parent=399"}],"curies":[{"name":"wp","href":"https:\/\/api.w.org\/{rel}","templated":true}]}}