{"id":285,"date":"2015-04-14T07:22:56","date_gmt":"2015-04-14T07:22:56","guid":{"rendered":"https:\/\/kmtech.dk\/wp\/?page_id=285"},"modified":"2015-04-20T08:12:55","modified_gmt":"2015-04-20T08:12:55","slug":"kobberbearbejdning","status":"publish","type":"page","link":"https:\/\/www.kmtech.dk\/?page_id=285","title":{"rendered":"Kobberbearbejdning"},"content":{"rendered":"<div id=\"maxgallery-466\" class=\"mg-image-tiles standard\">\t<div class=\"mg-thumbs mg-fivecol\">\t\t<ul><li>\t<a class='lightbox-466' href='https:\/\/www.kmtech.dk\/wp-content\/uploads\/2015\/04\/IM0001291.jpg'  title='' aria-haspopup='dialog' data-lightbox-gallery='gallery-466' >\t\t<div class=\"\"><img class=\"mg_lazy\" data-src=\"https:\/\/www.kmtech.dk\/wp-content\/uploads\/2015\/04\/IM0001291-200x200.jpg\" width=\"200\" height=\"200\" alt=\"\" title=\"IM0001291\" \/><noscript><img src=\"https:\/\/www.kmtech.dk\/wp-content\/uploads\/2015\/04\/IM0001291-200x200.jpg\" width=\"200\" height=\"200\" alt=\"\" \/><\/noscript>\t\t<\/div>\t<\/a><\/li><li>\t<a class='lightbox-466' href='https:\/\/www.kmtech.dk\/wp-content\/uploads\/2015\/04\/imagetransform.jpg'  title='' aria-haspopup='dialog' data-lightbox-gallery='gallery-466' >\t\t<div class=\"\"><img class=\"mg_lazy\" data-src=\"https:\/\/www.kmtech.dk\/wp-content\/uploads\/2015\/04\/imagetransform-200x200.jpg\" width=\"200\" height=\"200\" alt=\"\" title=\"imagetransform\" \/><noscript><img src=\"https:\/\/www.kmtech.dk\/wp-content\/uploads\/2015\/04\/imagetransform-200x200.jpg\" width=\"200\" height=\"200\" alt=\"\" \/><\/noscript>\t\t<\/div>\t<\/a><\/li><li>\t<a class='lightbox-466' href='https:\/\/www.kmtech.dk\/wp-content\/uploads\/2015\/04\/imagetransform1.jpg'  title='' aria-haspopup='dialog' data-lightbox-gallery='gallery-466' >\t\t<div class=\"\"><img class=\"mg_lazy\" data-src=\"https:\/\/www.kmtech.dk\/wp-content\/uploads\/2015\/04\/imagetransform1-200x200.jpg\" width=\"200\" height=\"200\" alt=\"\" title=\"imagetransform[1]\" \/><noscript><img src=\"https:\/\/www.kmtech.dk\/wp-content\/uploads\/2015\/04\/imagetransform1-200x200.jpg\" width=\"200\" height=\"200\" alt=\"\" \/><\/noscript>\t\t<\/div>\t<\/a><\/li><li>\t<a class='lightbox-466' href='https:\/\/www.kmtech.dk\/wp-content\/uploads\/2015\/04\/imagetransform2.jpg'  title='' aria-haspopup='dialog' data-lightbox-gallery='gallery-466' >\t\t<div class=\"\"><img class=\"mg_lazy\" data-src=\"https:\/\/www.kmtech.dk\/wp-content\/uploads\/2015\/04\/imagetransform2-200x200.jpg\" width=\"200\" height=\"200\" alt=\"\" title=\"imagetransform2\" \/><noscript><img src=\"https:\/\/www.kmtech.dk\/wp-content\/uploads\/2015\/04\/imagetransform2-200x200.jpg\" width=\"200\" height=\"200\" alt=\"\" \/><\/noscript>\t\t<\/div>\t<\/a><\/li><li>\t<a class='lightbox-466' href='https:\/\/www.kmtech.dk\/wp-content\/uploads\/2015\/04\/imagetransform3.jpg'  title='' aria-haspopup='dialog' data-lightbox-gallery='gallery-466' >\t\t<div class=\"\"><img class=\"mg_lazy\" data-src=\"https:\/\/www.kmtech.dk\/wp-content\/uploads\/2015\/04\/imagetransform3-200x200.jpg\" width=\"200\" height=\"200\" alt=\"\" title=\"imagetransform3\" \/><noscript><img src=\"https:\/\/www.kmtech.dk\/wp-content\/uploads\/2015\/04\/imagetransform3-200x200.jpg\" width=\"200\" height=\"200\" alt=\"\" \/><\/noscript>\t\t<\/div>\t<\/a><\/li><li>\t<a class='lightbox-466' href='https:\/\/www.kmtech.dk\/wp-content\/uploads\/2015\/04\/imagetransform4.jpg'  title='' aria-haspopup='dialog' data-lightbox-gallery='gallery-466' >\t\t<div class=\"\"><img class=\"mg_lazy\" data-src=\"https:\/\/www.kmtech.dk\/wp-content\/uploads\/2015\/04\/imagetransform4-200x200.jpg\" width=\"200\" height=\"200\" alt=\"\" title=\"imagetransform4\" \/><noscript><img src=\"https:\/\/www.kmtech.dk\/wp-content\/uploads\/2015\/04\/imagetransform4-200x200.jpg\" width=\"200\" height=\"200\" alt=\"\" \/><\/noscript>\t\t<\/div>\t<\/a><\/li><li>\t<a class='lightbox-466' href='https:\/\/www.kmtech.dk\/wp-content\/uploads\/2015\/04\/imagetransform5.jpg'  title='' aria-haspopup='dialog' data-lightbox-gallery='gallery-466' >\t\t<div class=\"\"><img class=\"mg_lazy\" data-src=\"https:\/\/www.kmtech.dk\/wp-content\/uploads\/2015\/04\/imagetransform5-200x200.jpg\" width=\"200\" height=\"200\" alt=\"\" title=\"imagetransform5\" \/><noscript><img src=\"https:\/\/www.kmtech.dk\/wp-content\/uploads\/2015\/04\/imagetransform5-200x200.jpg\" width=\"200\" height=\"200\" alt=\"\" \/><\/noscript>\t\t<\/div>\t<\/a><\/li>\t\t<\/ul>\t\t<div class=\"clear\"><\/div>\t<\/div>\t<span style=\"display: none;\" class=\"hidden-image-tiles-gallery-id\">466<\/span>\t<span style=\"display: none;\" class=\"hidden-lightbox-skin\">none<\/span>\t<span style=\"display: none;\" class=\"hidden-lightbox-effect\">none<\/span>\t<span style=\"display: none;\" class=\"hidden-lightbox-kb-nav\">true<\/span>\t<span style=\"display: none;\" class=\"hidden-lightbox-img-click-close\">true<\/span>\t<span style=\"display: none;\" class=\"hidden-lightbox-ol-click-close\">true<\/span>\t<span style=\"display: none;\" class=\"hidden-lightbox-close-tip-text\">Close<\/span>\t<span style=\"display: none;\" class=\"hidden-lightbox-next-tip-text\">Next<\/span>\t<span style=\"display: none;\" class=\"hidden-lightbox-prev-tip-text\">Previous<\/span>\t<span style=\"display: none;\" class=\"hidden-lightbox-error-tip-text\">The requested content cannot be loaded. Please try again later.<\/span><\/div><script>\ndocument.addEventListener(\"DOMContentLoaded\", function(event) { \njQuery(\"img.mg_lazy\").lazyload({threshold : 1});\n});\n<\/script>\n\n<p><span style=\"font-size: 10pt;\">\u2022 V\u00e6rkt\u00f8j der kan klippe i massivt kobber\/aluminimum.<\/span><br \/>\n<span style=\"font-size: 10pt;\"> \u2022 V\u00e6rkt\u00f8j der kan klippe i flex kobber.<\/span><br \/>\n<span style=\"font-size: 10pt;\"> \u2022 V\u00e6rkt\u00f8j der kan lokke huller i massivt kobber\/aluminimun.<\/span><br \/>\n<span style=\"font-size: 10pt;\"> \u2022 V\u00e6rkt\u00f8j der kan lokke huller i flex kobber.<\/span><br \/>\n<span style=\"font-size: 10pt;\"> \u2022 V\u00e6rkt\u00f8j der kan bukke massivt kobber\/aluminimum.<\/span><br \/>\n<span style=\"font-size: 10pt;\"> \u2022 V\u00e6rkt\u00f8j der kan bukke flex kobber.<\/span><br \/>\n<span style=\"font-size: 10pt;\"> \u2022 V\u00e6rkt\u00f8jet bruges til at udskifte gamle maksimalafbrydere om til nye maksimalafbrydere.<\/span><br \/>\n<span style=\"font-size: 10pt;\"> \u2022 V\u00e6rkt\u00f8jet kan bruges til at bygge el-tavler om\/udvide hos kunden.<\/span><br \/>\n<span style=\"font-size: 10pt;\"> \u2022 V\u00e6rkt\u00f8jet er transportabelt s\u00e5 det kan tages med ud til opgaven.<\/span><br \/>\n<span style=\"font-size: 10pt;\"> \u2022 V\u00e6rkt\u00f8jet skal bruge 3faser +nul\/jord 400V AC 16A.<\/span><\/p>\n","protected":false},"excerpt":{"rendered":"<p>\u2022 V\u00e6rkt\u00f8j der kan klippe i massivt kobber\/aluminimum. \u2022 V\u00e6rkt\u00f8j der kan klippe i flex kobber. \u2022 V\u00e6rkt\u00f8j der kan lokke huller i massivt kobber\/aluminimun. \u2022 V\u00e6rkt\u00f8j der kan lokke huller i flex kobber. \u2022 V\u00e6rkt\u00f8j der kan bukke massivt kobber\/aluminimum. \u2022 V\u00e6rkt\u00f8j der kan bukke flex kobber. \u2022 V\u00e6rkt\u00f8jet &#8230;<\/p>\n","protected":false},"author":1,"featured_media":0,"parent":113,"menu_order":3,"comment_status":"closed","ping_status":"closed","template":"","meta":[],"yoast_head":"<!-- This site is optimized with the Yoast SEO plugin v15.2.1 - https:\/\/yoast.com\/wordpress\/plugins\/seo\/ -->\n<title>Kobberbearbejdning - KMTECH<\/title>\n<meta name=\"robots\" content=\"index, follow, max-snippet:-1, max-image-preview:large, max-video-preview:-1\" \/>\n<link rel=\"canonical\" href=\"https:\/\/www.kmtech.dk\/?page_id=285\" \/>\n<meta property=\"og:locale\" content=\"da_DK\" \/>\n<meta property=\"og:type\" content=\"article\" \/>\n<meta property=\"og:title\" content=\"Kobberbearbejdning - KMTECH\" \/>\n<meta property=\"og:description\" content=\"\u2022 V\u00e6rkt\u00f8j der kan klippe i massivt kobber\/aluminimum. \u2022 V\u00e6rkt\u00f8j der kan klippe i flex kobber. \u2022 V\u00e6rkt\u00f8j der kan lokke huller i massivt kobber\/aluminimun. \u2022 V\u00e6rkt\u00f8j der kan lokke huller i flex kobber. \u2022 V\u00e6rkt\u00f8j der kan bukke massivt kobber\/aluminimum. \u2022 V\u00e6rkt\u00f8j der kan bukke flex kobber. \u2022 V\u00e6rkt\u00f8jet &#8230;\" \/>\n<meta property=\"og:url\" content=\"https:\/\/www.kmtech.dk\/?page_id=285\" \/>\n<meta property=\"og:site_name\" content=\"KMTECH\" \/>\n<meta property=\"article:modified_time\" content=\"2015-04-20T08:12:55+00:00\" \/>\n<meta name=\"twitter:card\" content=\"summary\" \/>\n<meta name=\"twitter:label1\" content=\"Written by\">\n\t<meta name=\"twitter:data1\" content=\"kmtech\">\n\t<meta name=\"twitter:label2\" content=\"Est. reading time\">\n\t<meta name=\"twitter:data2\" content=\"0 minutter\">\n<script type=\"application\/ld+json\" class=\"yoast-schema-graph\">{\"@context\":\"https:\/\/schema.org\",\"@graph\":[{\"@type\":\"WebSite\",\"@id\":\"https:\/\/www.kmtech.dk\/#website\",\"url\":\"https:\/\/www.kmtech.dk\/\",\"name\":\"KMTECH\",\"description\":\"Bryder &amp; Tavle Service\",\"potentialAction\":[{\"@type\":\"SearchAction\",\"target\":\"https:\/\/www.kmtech.dk\/?s={search_term_string}\",\"query-input\":\"required name=search_term_string\"}],\"inLanguage\":\"da-DK\"},{\"@type\":\"WebPage\",\"@id\":\"https:\/\/www.kmtech.dk\/?page_id=285#webpage\",\"url\":\"https:\/\/www.kmtech.dk\/?page_id=285\",\"name\":\"Kobberbearbejdning - KMTECH\",\"isPartOf\":{\"@id\":\"https:\/\/www.kmtech.dk\/#website\"},\"datePublished\":\"2015-04-14T07:22:56+00:00\",\"dateModified\":\"2015-04-20T08:12:55+00:00\",\"inLanguage\":\"da-DK\",\"potentialAction\":[{\"@type\":\"ReadAction\",\"target\":[\"https:\/\/www.kmtech.dk\/?page_id=285\"]}]}]}<\/script>\n<!-- \/ Yoast SEO plugin. -->","_links":{"self":[{"href":"https:\/\/www.kmtech.dk\/index.php?rest_route=\/wp\/v2\/pages\/285"}],"collection":[{"href":"https:\/\/www.kmtech.dk\/index.php?rest_route=\/wp\/v2\/pages"}],"about":[{"href":"https:\/\/www.kmtech.dk\/index.php?rest_route=\/wp\/v2\/types\/page"}],"author":[{"embeddable":true,"href":"https:\/\/www.kmtech.dk\/index.php?rest_route=\/wp\/v2\/users\/1"}],"replies":[{"embeddable":true,"href":"https:\/\/www.kmtech.dk\/index.php?rest_route=%2Fwp%2Fv2%2Fcomments&post=285"}],"version-history":[{"count":3,"href":"https:\/\/www.kmtech.dk\/index.php?rest_route=\/wp\/v2\/pages\/285\/revisions"}],"predecessor-version":[{"id":501,"href":"https:\/\/www.kmtech.dk\/index.php?rest_route=\/wp\/v2\/pages\/285\/revisions\/501"}],"up":[{"embeddable":true,"href":"https:\/\/www.kmtech.dk\/index.php?rest_route=\/wp\/v2\/pages\/113"}],"wp:attachment":[{"href":"https:\/\/www.kmtech.dk\/index.php?rest_route=%2Fwp%2Fv2%2Fmedia&parent=285"}],"curies":[{"name":"wp","href":"https:\/\/api.w.org\/{rel}","templated":true}]}}