{"id":182,"date":"2015-03-31T12:15:29","date_gmt":"2015-03-31T12:15:29","guid":{"rendered":"https:\/\/kmtech.dk\/wp\/?page_id=182"},"modified":"2015-04-20T07:26:00","modified_gmt":"2015-04-20T07:26:00","slug":"primaert-udstyr-3","status":"publish","type":"page","link":"https:\/\/www.kmtech.dk\/?page_id=182","title":{"rendered":"Prim\u00e6rt udstyr"},"content":{"rendered":"<div id=\"maxgallery-426\" class=\"mg-image-tiles standard\">\t<div class=\"mg-thumbs mg-fivecol\">\t\t<ul><li>\t<a class='lightbox-426' href='https:\/\/www.kmtech.dk\/wp-content\/uploads\/2015\/04\/IMG_0517.jpg'  title='' aria-haspopup='dialog' data-lightbox-gallery='gallery-426' >\t\t<div class=\"\"><img class=\"mg_lazy\" data-src=\"https:\/\/www.kmtech.dk\/wp-content\/uploads\/2015\/04\/IMG_0517-200x200.jpg\" width=\"200\" height=\"200\" alt=\"\" title=\"IMG_0517\" \/><noscript><img src=\"https:\/\/www.kmtech.dk\/wp-content\/uploads\/2015\/04\/IMG_0517-200x200.jpg\" width=\"200\" height=\"200\" alt=\"\" \/><\/noscript>\t\t<\/div>\t<\/a><\/li><li>\t<a class='lightbox-426' href='https:\/\/www.kmtech.dk\/wp-content\/uploads\/2015\/04\/IMG_1659.jpg'  title='' aria-haspopup='dialog' data-lightbox-gallery='gallery-426' >\t\t<div class=\"\"><img class=\"mg_lazy\" data-src=\"https:\/\/www.kmtech.dk\/wp-content\/uploads\/2015\/04\/IMG_1659-200x200.jpg\" width=\"200\" height=\"200\" alt=\"\" title=\"IMG_1659\" \/><noscript><img src=\"https:\/\/www.kmtech.dk\/wp-content\/uploads\/2015\/04\/IMG_1659-200x200.jpg\" width=\"200\" height=\"200\" alt=\"\" \/><\/noscript>\t\t<\/div>\t<\/a><\/li><li>\t<a class='lightbox-426' href='https:\/\/www.kmtech.dk\/wp-content\/uploads\/2015\/04\/IMG_1660.jpg'  title='' aria-haspopup='dialog' data-lightbox-gallery='gallery-426' >\t\t<div class=\"\"><img class=\"mg_lazy\" data-src=\"https:\/\/www.kmtech.dk\/wp-content\/uploads\/2015\/04\/IMG_1660-200x200.jpg\" width=\"200\" height=\"200\" alt=\"\" title=\"IMG_1660\" \/><noscript><img src=\"https:\/\/www.kmtech.dk\/wp-content\/uploads\/2015\/04\/IMG_1660-200x200.jpg\" width=\"200\" height=\"200\" alt=\"\" \/><\/noscript>\t\t<\/div>\t<\/a><\/li><li>\t<a class='lightbox-426' href='https:\/\/www.kmtech.dk\/wp-content\/uploads\/2015\/04\/IMG_1664.jpg'  title='' aria-haspopup='dialog' data-lightbox-gallery='gallery-426' >\t\t<div class=\"\"><img class=\"mg_lazy\" data-src=\"https:\/\/www.kmtech.dk\/wp-content\/uploads\/2015\/04\/IMG_1664-200x200.jpg\" width=\"200\" height=\"200\" alt=\"\" title=\"IMG_1664\" \/><noscript><img src=\"https:\/\/www.kmtech.dk\/wp-content\/uploads\/2015\/04\/IMG_1664-200x200.jpg\" width=\"200\" height=\"200\" alt=\"\" \/><\/noscript>\t\t<\/div>\t<\/a><\/li><li>\t<a class='lightbox-426' href='https:\/\/www.kmtech.dk\/wp-content\/uploads\/2015\/04\/Prim\u00e6r-test-udstyr-0-21000-Amp.jpg'  title='' aria-haspopup='dialog' data-lightbox-gallery='gallery-426' >\t\t<div class=\"\"><img class=\"mg_lazy\" data-src=\"https:\/\/www.kmtech.dk\/wp-content\/uploads\/2015\/04\/Prim\u00e6r-test-udstyr-0-21000-Amp-200x200.jpg\" width=\"200\" height=\"200\" alt=\"\" title=\"Prim\u00e6r test udstyr 0-21000 Amp\" \/><noscript><img src=\"https:\/\/www.kmtech.dk\/wp-content\/uploads\/2015\/04\/Prim\u00e6r-test-udstyr-0-21000-Amp-200x200.jpg\" width=\"200\" height=\"200\" alt=\"\" \/><\/noscript>\t\t<\/div>\t<\/a><\/li>\t\t<\/ul>\t\t<div class=\"clear\"><\/div>\t<\/div>\t<span style=\"display: none;\" class=\"hidden-image-tiles-gallery-id\">426<\/span>\t<span style=\"display: none;\" class=\"hidden-lightbox-skin\">none<\/span>\t<span style=\"display: none;\" class=\"hidden-lightbox-effect\">none<\/span>\t<span style=\"display: none;\" class=\"hidden-lightbox-kb-nav\">true<\/span>\t<span style=\"display: none;\" class=\"hidden-lightbox-img-click-close\">true<\/span>\t<span style=\"display: none;\" class=\"hidden-lightbox-ol-click-close\">true<\/span>\t<span style=\"display: none;\" class=\"hidden-lightbox-close-tip-text\">Close<\/span>\t<span style=\"display: none;\" class=\"hidden-lightbox-next-tip-text\">Next<\/span>\t<span style=\"display: none;\" class=\"hidden-lightbox-prev-tip-text\">Previous<\/span>\t<span style=\"display: none;\" class=\"hidden-lightbox-error-tip-text\">The requested content cannot be loaded. Please try again later.<\/span><\/div><script>\ndocument.addEventListener(\"DOMContentLoaded\", function(event) { \njQuery(\"img.mg_lazy\").lazyload({threshold : 1});\n});\n<\/script>\n\n<p style=\"text-align: center;\"><span style=\"font-size: 10pt;\"><strong>Prim\u00e6rt test Udstyr<\/strong><\/span><\/p>\n<p style=\"text-align: left;\"><span style=\"font-size: 10pt;\">\u2022\u00a0Prim\u00e6rt test udstyr som KM TECH bruger er et Oden AT 3H 400V 63A.<\/span><br \/>\n<span style=\"font-size: 10pt;\"> \u2022\u00a0Kraftfuld test unit.<\/span><br \/>\n<span style=\"font-size: 10pt;\"> \u2022\u00a0Prim\u00e6r str\u00f8mbelastning af alle typer maksimalafbrydere.<\/span><br \/>\n<span style=\"font-size: 10pt;\"> \u2022\u00a0Fra 0 &#8211; 21000Amp. i max 1sek.<\/span><br \/>\n<span style=\"font-size: 10pt;\"> \u2022\u00a0Direkte udl\u00e6sning af udkoblingstiden helt ned i millisekunder.<\/span><br \/>\n<span style=\"font-size: 10pt;\"> \u2022\u00a0Udkoblingstiden m\u00e5les direkte p\u00e5 hovedkontakten.<\/span><br \/>\n<span style=\"font-size: 10pt;\"> \u2022\u00a0Tjek af hovedkontakters tilstand.<\/span><br \/>\n<span style=\"font-size: 10pt;\"> \u2022\u00a0Direkte udl\u00e6sning af mikro ohm.<\/span><br \/>\n<span style=\"font-size: 10pt;\"> \u2022\u00a0Prim\u00e6r str\u00f8mbelastning har den fordel, at alle funktioner i beskyttelsesrel\u00e6et\/str\u00f8mtransformere bliver testet med den str\u00f8m\u00a0rel\u00e6et er indstillet p\u00e5.<\/span><br \/>\n<span style=\"font-size: 10pt;\"> \u2022\u00a0Udstyret skal bruge 3 faser+nul\/jord 400V AC 63 A.<\/span><\/p>\n","protected":false},"excerpt":{"rendered":"<p>Prim\u00e6rt test Udstyr \u2022\u00a0Prim\u00e6rt test udstyr som KM TECH bruger er et Oden AT 3H 400V 63A. \u2022\u00a0Kraftfuld test unit. \u2022\u00a0Prim\u00e6r str\u00f8mbelastning af alle typer maksimalafbrydere. \u2022\u00a0Fra 0 &#8211; 21000Amp. i max 1sek. \u2022\u00a0Direkte udl\u00e6sning af udkoblingstiden helt ned i millisekunder. \u2022\u00a0Udkoblingstiden m\u00e5les direkte p\u00e5 hovedkontakten. \u2022\u00a0Tjek af hovedkontakters tilstand. &#8230;<\/p>\n","protected":false},"author":1,"featured_media":0,"parent":113,"menu_order":1,"comment_status":"closed","ping_status":"closed","template":"","meta":[],"yoast_head":"<!-- This site is optimized with the Yoast SEO plugin v15.2.1 - https:\/\/yoast.com\/wordpress\/plugins\/seo\/ -->\n<title>Prim\u00e6rt udstyr - KMTECH<\/title>\n<meta name=\"robots\" content=\"index, follow, max-snippet:-1, max-image-preview:large, max-video-preview:-1\" \/>\n<link rel=\"canonical\" href=\"https:\/\/www.kmtech.dk\/?page_id=182\" \/>\n<meta property=\"og:locale\" content=\"da_DK\" \/>\n<meta property=\"og:type\" content=\"article\" \/>\n<meta property=\"og:title\" content=\"Prim\u00e6rt udstyr - KMTECH\" \/>\n<meta property=\"og:description\" content=\"Prim\u00e6rt test Udstyr \u2022\u00a0Prim\u00e6rt test udstyr som KM TECH bruger er et Oden AT 3H 400V 63A. \u2022\u00a0Kraftfuld test unit. \u2022\u00a0Prim\u00e6r str\u00f8mbelastning af alle typer maksimalafbrydere. \u2022\u00a0Fra 0 &#8211; 21000Amp. i max 1sek. \u2022\u00a0Direkte udl\u00e6sning af udkoblingstiden helt ned i millisekunder. \u2022\u00a0Udkoblingstiden m\u00e5les direkte p\u00e5 hovedkontakten. \u2022\u00a0Tjek af hovedkontakters tilstand. &#8230;\" \/>\n<meta property=\"og:url\" content=\"https:\/\/www.kmtech.dk\/?page_id=182\" \/>\n<meta property=\"og:site_name\" content=\"KMTECH\" \/>\n<meta property=\"article:modified_time\" content=\"2015-04-20T07:26:00+00:00\" \/>\n<meta name=\"twitter:card\" content=\"summary\" \/>\n<meta name=\"twitter:label1\" content=\"Written by\">\n\t<meta name=\"twitter:data1\" content=\"kmtech\">\n\t<meta name=\"twitter:label2\" content=\"Est. reading time\">\n\t<meta name=\"twitter:data2\" content=\"0 minutter\">\n<script type=\"application\/ld+json\" class=\"yoast-schema-graph\">{\"@context\":\"https:\/\/schema.org\",\"@graph\":[{\"@type\":\"WebSite\",\"@id\":\"https:\/\/www.kmtech.dk\/#website\",\"url\":\"https:\/\/www.kmtech.dk\/\",\"name\":\"KMTECH\",\"description\":\"Bryder &amp; Tavle Service\",\"potentialAction\":[{\"@type\":\"SearchAction\",\"target\":\"https:\/\/www.kmtech.dk\/?s={search_term_string}\",\"query-input\":\"required name=search_term_string\"}],\"inLanguage\":\"da-DK\"},{\"@type\":\"WebPage\",\"@id\":\"https:\/\/www.kmtech.dk\/?page_id=182#webpage\",\"url\":\"https:\/\/www.kmtech.dk\/?page_id=182\",\"name\":\"Prim\\u00e6rt udstyr - KMTECH\",\"isPartOf\":{\"@id\":\"https:\/\/www.kmtech.dk\/#website\"},\"datePublished\":\"2015-03-31T12:15:29+00:00\",\"dateModified\":\"2015-04-20T07:26:00+00:00\",\"inLanguage\":\"da-DK\",\"potentialAction\":[{\"@type\":\"ReadAction\",\"target\":[\"https:\/\/www.kmtech.dk\/?page_id=182\"]}]}]}<\/script>\n<!-- \/ Yoast SEO plugin. -->","_links":{"self":[{"href":"https:\/\/www.kmtech.dk\/index.php?rest_route=\/wp\/v2\/pages\/182"}],"collection":[{"href":"https:\/\/www.kmtech.dk\/index.php?rest_route=\/wp\/v2\/pages"}],"about":[{"href":"https:\/\/www.kmtech.dk\/index.php?rest_route=\/wp\/v2\/types\/page"}],"author":[{"embeddable":true,"href":"https:\/\/www.kmtech.dk\/index.php?rest_route=\/wp\/v2\/users\/1"}],"replies":[{"embeddable":true,"href":"https:\/\/www.kmtech.dk\/index.php?rest_route=%2Fwp%2Fv2%2Fcomments&post=182"}],"version-history":[{"count":1,"href":"https:\/\/www.kmtech.dk\/index.php?rest_route=\/wp\/v2\/pages\/182\/revisions"}],"predecessor-version":[{"id":437,"href":"https:\/\/www.kmtech.dk\/index.php?rest_route=\/wp\/v2\/pages\/182\/revisions\/437"}],"up":[{"embeddable":true,"href":"https:\/\/www.kmtech.dk\/index.php?rest_route=\/wp\/v2\/pages\/113"}],"wp:attachment":[{"href":"https:\/\/www.kmtech.dk\/index.php?rest_route=%2Fwp%2Fv2%2Fmedia&parent=182"}],"curies":[{"name":"wp","href":"https:\/\/api.w.org\/{rel}","templated":true}]}}